{"id":2,"date":"2025-05-30T14:56:29","date_gmt":"2025-05-30T14:56:29","guid":{"rendered":"https:\/\/ventanasdimi.rkinformatika.online\/?page_id=2"},"modified":"2025-06-26T13:54:57","modified_gmt":"2025-06-26T13:54:57","slug":"inicio","status":"publish","type":"page","link":"https:\/\/ventanasdimi.com\/eu\/","title":{"rendered":"Hasiera"},"content":{"rendered":"<div data-elementor-type=\"wp-page\" data-elementor-id=\"2\" class=\"elementor elementor-2\" data-elementor-post-type=\"page\">\n\t\t\t\t<div class=\"elementor-element elementor-element-d877924 e-con-full e-flex e-con e-parent\" data-id=\"d877924\" data-element_type=\"container\" data-e-type=\"container\" data-settings=\"{&quot;background_background&quot;:&quot;classic&quot;}\">\n\t\t\t\t<\/div>\n\t\t<div class=\"elementor-element elementor-element-eae4c51 e-flex e-con-boxed e-con e-parent\" data-id=\"eae4c51\" data-element_type=\"container\" data-e-type=\"container\">\n\t\t\t\t\t<div class=\"e-con-inner\">\n\t\t\t\t<div class=\"elementor-element elementor-element-c4578d2 elementor-widget elementor-widget-heading\" data-id=\"c4578d2\" data-element_type=\"widget\" data-e-type=\"widget\" data-widget_type=\"heading.default\">\n\t\t\t\t<div class=\"elementor-widget-container\">\n\t\t\t\t\t<h2 class=\"elementor-heading-title elementor-size-default\">Guri buruz<\/h2>\t\t\t\t<\/div>\n\t\t\t\t<\/div>\n\t\t\t\t<div class=\"elementor-element elementor-element-530cbcf elementor-widget elementor-widget-heading\" data-id=\"530cbcf\" data-element_type=\"widget\" data-e-type=\"widget\" data-widget_type=\"heading.default\">\n\t\t\t\t<div class=\"elementor-widget-container\">\n\t\t\t\t\t<h2 class=\"elementor-heading-title elementor-size-default\">Txostenak baino gehiago, konfiantza eta etorkizuna sortzen ditugu.\n\n<\/h2>\t\t\t\t<\/div>\n\t\t\t\t<\/div>\n\t\t\t\t<div class=\"elementor-element elementor-element-c9d2beb elementor-widget__width-initial elementor-widget elementor-widget-text-editor\" data-id=\"c9d2beb\" data-element_type=\"widget\" data-e-type=\"widget\" data-widget_type=\"text-editor.default\">\n\t\t\t\t<div class=\"elementor-widget-container\">\n\t\t\t\t\t\t\t\t\t<p>36 urte baino gehiagoko esperientziarekin, eraberritze, instalazio eta etxerako eta eraikuntzarako zerbitzuetan soluzio integralak eskaintzen dituen enpresa bat gara. Gure konpromisoa, lehen egunetik, bezero bakoitzaren beharretara egokitutako lan kalitatezko, serio eta fidagarria egitea izan da.<\/p><p>Hauetan espezializatzen gara:<\/p><p>PVCzko eta aluminiozko leihoak instalatzea<\/p><p>Igeltserotza-lanak, oro har<\/p><p>Barrualdeak eraberritzea<\/p><p>Etxe-aldaketak<\/p><p>Era guztietako konponketak eta konponketak<\/p><p>Hiru hamarkada baino gehiagoan zehar, gure bezeroei era guztietako proiektuetan lagundu diegu, handiak eta txikiak, beti tratu hurbilarekin, profesionalarekin eta xehetasun bakoitza zainduz. Gure esperientzia zabalak aukera ematen digu edozein erronkari eraginkortasunez eta azkar aurre egiteko.<\/p><p>Izan konfiantza gugan, zure ideiei forma emateko eta espazioak eraldatzeko.<\/p>\t\t\t\t\t\t\t\t<\/div>\n\t\t\t\t<\/div>\n\t\t\t\t\t<\/div>\n\t\t\t\t<\/div>\n\t\t\t\t<\/div>","protected":false},"excerpt":{"rendered":"<p>Sobre nosotros M\u00e1s que informes, generamos confianza y futuro. Con m\u00e1s de 36 a\u00f1os de experiencia, somos una empresa dedicada a ofrecer soluciones integrales en reformas, instalaciones y servicios para el hogar y la construcci\u00f3n. Nuestro compromiso, desde el primer d\u00eda, ha sido brindar un trabajo de calidad, serio y confiable, adaptado a las necesidades [&hellip;]<\/p>\n","protected":false},"author":1,"featured_media":0,"parent":0,"menu_order":0,"comment_status":"closed","ping_status":"closed","template":"","meta":{"footnotes":""},"class_list":["post-2","page","type-page","status-publish","hentry"],"yoast_head":"<!-- This site is optimized with the Yoast SEO plugin v27.3 - https:\/\/yoast.com\/product\/yoast-seo-wordpress\/ -->\n<title>Inicio - VENTANAS DIMI<\/title>\n<meta name=\"robots\" content=\"index, follow, max-snippet:-1, max-image-preview:large, max-video-preview:-1\" \/>\n<link rel=\"canonical\" href=\"https:\/\/ventanasdimi.com\/eu\/\" \/>\n<meta property=\"og:locale\" content=\"en_US\" \/>\n<meta property=\"og:type\" content=\"article\" \/>\n<meta property=\"og:title\" content=\"Inicio - VENTANAS DIMI\" \/>\n<meta property=\"og:description\" content=\"Sobre nosotros M\u00e1s que informes, generamos confianza y futuro. Con m\u00e1s de 36 a\u00f1os de experiencia, somos una empresa dedicada a ofrecer soluciones integrales en reformas, instalaciones y servicios para el hogar y la construcci\u00f3n. Nuestro compromiso, desde el primer d\u00eda, ha sido brindar un trabajo de calidad, serio y confiable, adaptado a las necesidades [&hellip;]\" \/>\n<meta property=\"og:url\" content=\"https:\/\/ventanasdimi.com\/eu\/\" \/>\n<meta property=\"og:site_name\" content=\"VENTANAS DIMI\" \/>\n<meta property=\"article:modified_time\" content=\"2025-06-26T13:54:57+00:00\" \/>\n<meta name=\"twitter:card\" content=\"summary_large_image\" \/>\n<meta name=\"twitter:label1\" content=\"Est. reading time\" \/>\n\t<meta name=\"twitter:data1\" content=\"1 minutua\" \/>\n<script type=\"application\/ld+json\" class=\"yoast-schema-graph\">{\"@context\":\"https:\\\/\\\/schema.org\",\"@graph\":[{\"@type\":\"WebPage\",\"@id\":\"https:\\\/\\\/ventanasdimi.com\\\/\",\"url\":\"https:\\\/\\\/ventanasdimi.com\\\/\",\"name\":\"Inicio - VENTANAS DIMI\",\"isPartOf\":{\"@id\":\"https:\\\/\\\/ventanasdimi.com\\\/#website\"},\"datePublished\":\"2025-05-30T14:56:29+00:00\",\"dateModified\":\"2025-06-26T13:54:57+00:00\",\"breadcrumb\":{\"@id\":\"https:\\\/\\\/ventanasdimi.com\\\/#breadcrumb\"},\"inLanguage\":\"eu\",\"potentialAction\":[{\"@type\":\"ReadAction\",\"target\":[\"https:\\\/\\\/ventanasdimi.com\\\/\"]}]},{\"@type\":\"BreadcrumbList\",\"@id\":\"https:\\\/\\\/ventanasdimi.com\\\/#breadcrumb\",\"itemListElement\":[{\"@type\":\"ListItem\",\"position\":1,\"name\":\"Portada\",\"item\":\"https:\\\/\\\/ventanasdimi.com\\\/\"},{\"@type\":\"ListItem\",\"position\":2,\"name\":\"Inicio\"}]},{\"@type\":\"WebSite\",\"@id\":\"https:\\\/\\\/ventanasdimi.com\\\/#website\",\"url\":\"https:\\\/\\\/ventanasdimi.com\\\/\",\"name\":\"VENTANAS DIMI\",\"description\":\"\",\"publisher\":{\"@id\":\"https:\\\/\\\/ventanasdimi.com\\\/#organization\"},\"potentialAction\":[{\"@type\":\"SearchAction\",\"target\":{\"@type\":\"EntryPoint\",\"urlTemplate\":\"https:\\\/\\\/ventanasdimi.com\\\/?s={search_term_string}\"},\"query-input\":{\"@type\":\"PropertyValueSpecification\",\"valueRequired\":true,\"valueName\":\"search_term_string\"}}],\"inLanguage\":\"eu\"},{\"@type\":\"Organization\",\"@id\":\"https:\\\/\\\/ventanasdimi.com\\\/#organization\",\"name\":\"VENTANAS DIMI\",\"url\":\"https:\\\/\\\/ventanasdimi.com\\\/\",\"logo\":{\"@type\":\"ImageObject\",\"inLanguage\":\"eu\",\"@id\":\"https:\\\/\\\/ventanasdimi.com\\\/#\\\/schema\\\/logo\\\/image\\\/\",\"url\":\"https:\\\/\\\/ventanasdimi.com\\\/wp-content\\\/uploads\\\/2026\\\/02\\\/cropped-LOGO-REFORMAS-DIMI-.png\",\"contentUrl\":\"https:\\\/\\\/ventanasdimi.com\\\/wp-content\\\/uploads\\\/2026\\\/02\\\/cropped-LOGO-REFORMAS-DIMI-.png\",\"width\":1266,\"height\":439,\"caption\":\"VENTANAS DIMI\"},\"image\":{\"@id\":\"https:\\\/\\\/ventanasdimi.com\\\/#\\\/schema\\\/logo\\\/image\\\/\"}}]}<\/script>\n<!-- \/ Yoast SEO plugin. -->","yoast_head_json":{"title":"Inicio - VENTANAS DIMI","robots":{"index":"index","follow":"follow","max-snippet":"max-snippet:-1","max-image-preview":"max-image-preview:large","max-video-preview":"max-video-preview:-1"},"canonical":"https:\/\/ventanasdimi.com\/eu\/","og_locale":"en_US","og_type":"article","og_title":"Inicio - VENTANAS DIMI","og_description":"Sobre nosotros M\u00e1s que informes, generamos confianza y futuro. Con m\u00e1s de 36 a\u00f1os de experiencia, somos una empresa dedicada a ofrecer soluciones integrales en reformas, instalaciones y servicios para el hogar y la construcci\u00f3n. Nuestro compromiso, desde el primer d\u00eda, ha sido brindar un trabajo de calidad, serio y confiable, adaptado a las necesidades [&hellip;]","og_url":"https:\/\/ventanasdimi.com\/eu\/","og_site_name":"VENTANAS DIMI","article_modified_time":"2025-06-26T13:54:57+00:00","twitter_card":"summary_large_image","twitter_misc":{"Est. reading time":"1 minutua"},"schema":{"@context":"https:\/\/schema.org","@graph":[{"@type":"WebPage","@id":"https:\/\/ventanasdimi.com\/","url":"https:\/\/ventanasdimi.com\/","name":"Inicio - VENTANAS DIMI","isPartOf":{"@id":"https:\/\/ventanasdimi.com\/#website"},"datePublished":"2025-05-30T14:56:29+00:00","dateModified":"2025-06-26T13:54:57+00:00","breadcrumb":{"@id":"https:\/\/ventanasdimi.com\/#breadcrumb"},"inLanguage":"eu","potentialAction":[{"@type":"ReadAction","target":["https:\/\/ventanasdimi.com\/"]}]},{"@type":"BreadcrumbList","@id":"https:\/\/ventanasdimi.com\/#breadcrumb","itemListElement":[{"@type":"ListItem","position":1,"name":"Portada","item":"https:\/\/ventanasdimi.com\/"},{"@type":"ListItem","position":2,"name":"Inicio"}]},{"@type":"WebSite","@id":"https:\/\/ventanasdimi.com\/#website","url":"https:\/\/ventanasdimi.com\/","name":"VENTANAS DIMI","description":"","publisher":{"@id":"https:\/\/ventanasdimi.com\/#organization"},"potentialAction":[{"@type":"SearchAction","target":{"@type":"EntryPoint","urlTemplate":"https:\/\/ventanasdimi.com\/?s={search_term_string}"},"query-input":{"@type":"PropertyValueSpecification","valueRequired":true,"valueName":"search_term_string"}}],"inLanguage":"eu"},{"@type":"Organization","@id":"https:\/\/ventanasdimi.com\/#organization","name":"VENTANAS DIMI","url":"https:\/\/ventanasdimi.com\/","logo":{"@type":"ImageObject","inLanguage":"eu","@id":"https:\/\/ventanasdimi.com\/#\/schema\/logo\/image\/","url":"https:\/\/ventanasdimi.com\/wp-content\/uploads\/2026\/02\/cropped-LOGO-REFORMAS-DIMI-.png","contentUrl":"https:\/\/ventanasdimi.com\/wp-content\/uploads\/2026\/02\/cropped-LOGO-REFORMAS-DIMI-.png","width":1266,"height":439,"caption":"VENTANAS DIMI"},"image":{"@id":"https:\/\/ventanasdimi.com\/#\/schema\/logo\/image\/"}}]}},"_links":{"self":[{"href":"https:\/\/ventanasdimi.com\/eu\/wp-json\/wp\/v2\/pages\/2","targetHints":{"allow":["GET"]}}],"collection":[{"href":"https:\/\/ventanasdimi.com\/eu\/wp-json\/wp\/v2\/pages"}],"about":[{"href":"https:\/\/ventanasdimi.com\/eu\/wp-json\/wp\/v2\/types\/page"}],"author":[{"embeddable":true,"href":"https:\/\/ventanasdimi.com\/eu\/wp-json\/wp\/v2\/users\/1"}],"replies":[{"embeddable":true,"href":"https:\/\/ventanasdimi.com\/eu\/wp-json\/wp\/v2\/comments?post=2"}],"version-history":[{"count":16,"href":"https:\/\/ventanasdimi.com\/eu\/wp-json\/wp\/v2\/pages\/2\/revisions"}],"predecessor-version":[{"id":176,"href":"https:\/\/ventanasdimi.com\/eu\/wp-json\/wp\/v2\/pages\/2\/revisions\/176"}],"wp:attachment":[{"href":"https:\/\/ventanasdimi.com\/eu\/wp-json\/wp\/v2\/media?parent=2"}],"curies":[{"name":"wp","href":"https:\/\/api.w.org\/{rel}","templated":true}]}}